{"id":7,"date":"2018-01-06T15:37:57","date_gmt":"2018-01-06T14:37:57","guid":{"rendered":"http:\/\/localhost\/alternative-solutions\/?page_id=7"},"modified":"2021-06-29T10:44:22","modified_gmt":"2021-06-29T08:44:22","slug":"qui-sommes-nous","status":"publish","type":"page","link":"https:\/\/alternativesolutions-group.com\/en\/qui-sommes-nous\/","title":{"rendered":"The company"},"content":{"rendered":"<p>At<strong> Alternative Solutions,\u00a0<\/strong>we offer\u00a0<a href=\"https:\/\/alternativesolutions-group.com\/en\/ressources-humaines\/\">Human resource management services<\/a>, and also\u00a0<a href=\"https:\/\/alternativesolutions-group.com\/en\/nettoyage-et-entretien\/\">industrial cleaning services<\/a>. The strength of our structure is to be up to the expectations of our clients and the needs of our candidates. We will establish a relationship of trust and proximity. You are much more than a name or entity for our team because we consider you a partner for common success.<\/p>\n<p>Thanks to our fields of expertise, we intervene in all sectors of activity to help you devote your working time to other priorities. In addition to recruiting and placing staff, we also offer payroll services and HR management Services.<\/p>","protected":false},"excerpt":{"rendered":"<p>At Alternative Solutions,\u00a0we offer\u00a0Human resource management services, and also\u00a0industrial cleaning services. The strength of our structure is to be up to the expectations of our clients and the needs of our candidates. We will establish a relationship of trust and proximity. You are much more than a name or entity for our team because we [&hellip;]<\/p>\n","protected":false},"author":1,"featured_media":252,"parent":0,"menu_order":0,"comment_status":"closed","ping_status":"closed","template":"about.php","meta":[],"acf":[],"yoast_head":"<!-- This site is optimized with the Yoast SEO plugin v18.6 - https:\/\/yoast.com\/wordpress\/plugins\/seo\/ -->\n<title>The company - Alternative Solutions<\/title>\n<meta name=\"description\" content=\"ALTERNATIVE SOLUTIONS est une soci\u00e9t\u00e9 qui offre des prestations dans le Nettoyage, l&#039;assainissement , et la mise \u00e0 disposition du personnel.\" \/>\n<meta name=\"robots\" content=\"index, follow, max-snippet:-1, max-image-preview:large, max-video-preview:-1\" \/>\n<link rel=\"canonical\" href=\"https:\/\/alternativesolutions-group.com\/qui-sommes-nous\/\" \/>\n<meta property=\"og:locale\" content=\"en_US\" \/>\n<meta property=\"og:type\" content=\"article\" \/>\n<meta property=\"og:title\" content=\"[:fr]Qui sommes nous[:en]The company[:] - Alternative Solutions\" \/>\n<meta property=\"og:description\" content=\"ALTERNATIVE SOLUTIONS est une soci\u00e9t\u00e9 qui offre des prestations dans le Nettoyage, l&#039;assainissement , et la mise \u00e0 disposition du personnel.\" \/>\n<meta property=\"og:url\" content=\"https:\/\/alternativesolutions-group.com\/qui-sommes-nous\/\" \/>\n<meta property=\"og:site_name\" content=\"Alternative Solutions\" \/>\n<meta property=\"article:publisher\" content=\"https:\/\/www.facebook.com\/Alternative.Solutions.cmr\/\" \/>\n<meta property=\"article:modified_time\" content=\"2021-06-29T08:44:22+00:00\" \/>\n<meta property=\"og:image\" content=\"https:\/\/alternativesolutions-group.com\/wp-content\/uploads\/2021\/01\/about.jpg\" \/>\n\t<meta property=\"og:image:width\" content=\"550\" \/>\n\t<meta property=\"og:image:height\" content=\"420\" \/>\n\t<meta property=\"og:image:type\" content=\"image\/jpeg\" \/>\n<meta name=\"twitter:card\" content=\"summary_large_image\" \/>\n<meta name=\"twitter:site\" content=\"@AlternativeSo1\" \/>\n<meta name=\"twitter:label1\" content=\"Est. reading time\" \/>\n\t<meta name=\"twitter:data1\" content=\"1 minute\" \/>\n<script type=\"application\/ld+json\" class=\"yoast-schema-graph\">{\"@context\":\"https:\/\/schema.org\",\"@graph\":[{\"@type\":\"Organization\",\"@id\":\"https:\/\/alternativesolutions-group.com\/#organization\",\"name\":\"Alternative Solutions Group\",\"url\":\"https:\/\/alternativesolutions-group.com\/\",\"sameAs\":[\"https:\/\/www.facebook.com\/Alternative.Solutions.cmr\/\",\"https:\/\/www.instagram.com\/alternativesolutionscmr\",\"https:\/\/www.linkedin.com\/company\/alternative-solutions-cmr\/\",\"https:\/\/www.youtube.com\/channel\/UCtFrg8GbOytyMUHo8yNah8A\",\"https:\/\/twitter.com\/AlternativeSo1\"],\"logo\":{\"@type\":\"ImageObject\",\"@id\":\"https:\/\/alternativesolutions-group.com\/#logo\",\"inLanguage\":\"en-US\",\"url\":\"https:\/\/alternativesolutions-group.com\/wp-content\/uploads\/2021\/10\/Logo.png\",\"contentUrl\":\"https:\/\/alternativesolutions-group.com\/wp-content\/uploads\/2021\/10\/Logo.png\",\"width\":1204,\"height\":1204,\"caption\":\"Alternative Solutions Group\"},\"image\":{\"@id\":\"https:\/\/alternativesolutions-group.com\/#logo\"}},{\"@type\":\"WebSite\",\"@id\":\"https:\/\/alternativesolutions-group.com\/#website\",\"url\":\"https:\/\/alternativesolutions-group.com\/\",\"name\":\"Alternative Solutions\",\"description\":\"High expectations are the key to everything\",\"publisher\":{\"@id\":\"https:\/\/alternativesolutions-group.com\/#organization\"},\"potentialAction\":[{\"@type\":\"SearchAction\",\"target\":{\"@type\":\"EntryPoint\",\"urlTemplate\":\"https:\/\/alternativesolutions-group.com\/?s={search_term_string}\"},\"query-input\":\"required name=search_term_string\"}],\"inLanguage\":\"en-US\"},{\"@type\":\"ImageObject\",\"@id\":\"https:\/\/alternativesolutions-group.com\/qui-sommes-nous\/#primaryimage\",\"inLanguage\":\"en-US\",\"url\":\"https:\/\/alternativesolutions-group.com\/wp-content\/uploads\/2021\/01\/about.jpg\",\"contentUrl\":\"https:\/\/alternativesolutions-group.com\/wp-content\/uploads\/2021\/01\/about.jpg\",\"width\":550,\"height\":420},{\"@type\":[\"WebPage\",\"AboutPage\"],\"@id\":\"https:\/\/alternativesolutions-group.com\/qui-sommes-nous\/#webpage\",\"url\":\"https:\/\/alternativesolutions-group.com\/qui-sommes-nous\/\",\"name\":\"[:fr]Qui sommes nous[:en]The company[:] - Alternative Solutions\",\"isPartOf\":{\"@id\":\"https:\/\/alternativesolutions-group.com\/#website\"},\"primaryImageOfPage\":{\"@id\":\"https:\/\/alternativesolutions-group.com\/qui-sommes-nous\/#primaryimage\"},\"datePublished\":\"2018-01-06T14:37:57+00:00\",\"dateModified\":\"2021-06-29T08:44:22+00:00\",\"description\":\"ALTERNATIVE SOLUTIONS est une soci\u00e9t\u00e9 qui offre des prestations dans le Nettoyage, l'assainissement , et la mise \u00e0 disposition du personnel.\",\"breadcrumb\":{\"@id\":\"https:\/\/alternativesolutions-group.com\/qui-sommes-nous\/#breadcrumb\"},\"inLanguage\":\"en-US\",\"potentialAction\":[{\"@type\":\"ReadAction\",\"target\":[\"https:\/\/alternativesolutions-group.com\/qui-sommes-nous\/\"]}]},{\"@type\":\"BreadcrumbList\",\"@id\":\"https:\/\/alternativesolutions-group.com\/qui-sommes-nous\/#breadcrumb\",\"itemListElement\":[{\"@type\":\"ListItem\",\"position\":1,\"name\":\"Home\",\"item\":\"https:\/\/alternativesolutions-group.com\/\"},{\"@type\":\"ListItem\",\"position\":2,\"name\":\"Qui sommes nous\"}]}]}<\/script>\n<!-- \/ Yoast SEO plugin. -->","yoast_head_json":{"title":"[:fr]Qui sommes nous[:en]The company[:] - Alternative Solutions","description":"ALTERNATIVE SOLUTIONS est une soci\u00e9t\u00e9 qui offre des prestations dans le Nettoyage, l'assainissement , et la mise \u00e0 disposition du personnel.","robots":{"index":"index","follow":"follow","max-snippet":"max-snippet:-1","max-image-preview":"max-image-preview:large","max-video-preview":"max-video-preview:-1"},"canonical":"https:\/\/alternativesolutions-group.com\/qui-sommes-nous\/","og_locale":"en_US","og_type":"article","og_title":"[:fr]Qui sommes nous[:en]The company[:] - Alternative Solutions","og_description":"ALTERNATIVE SOLUTIONS est une soci\u00e9t\u00e9 qui offre des prestations dans le Nettoyage, l'assainissement , et la mise \u00e0 disposition du personnel.","og_url":"https:\/\/alternativesolutions-group.com\/qui-sommes-nous\/","og_site_name":"Alternative Solutions","article_publisher":"https:\/\/www.facebook.com\/Alternative.Solutions.cmr\/","article_modified_time":"2021-06-29T08:44:22+00:00","og_image":[{"width":550,"height":420,"url":"https:\/\/alternativesolutions-group.com\/wp-content\/uploads\/2021\/01\/about.jpg","type":"image\/jpeg"}],"twitter_card":"summary_large_image","twitter_site":"@AlternativeSo1","twitter_misc":{"Est. reading time":"1 minute"},"schema":{"@context":"https:\/\/schema.org","@graph":[{"@type":"Organization","@id":"https:\/\/alternativesolutions-group.com\/#organization","name":"Alternative Solutions Group","url":"https:\/\/alternativesolutions-group.com\/","sameAs":["https:\/\/www.facebook.com\/Alternative.Solutions.cmr\/","https:\/\/www.instagram.com\/alternativesolutionscmr","https:\/\/www.linkedin.com\/company\/alternative-solutions-cmr\/","https:\/\/www.youtube.com\/channel\/UCtFrg8GbOytyMUHo8yNah8A","https:\/\/twitter.com\/AlternativeSo1"],"logo":{"@type":"ImageObject","@id":"https:\/\/alternativesolutions-group.com\/#logo","inLanguage":"en-US","url":"https:\/\/alternativesolutions-group.com\/wp-content\/uploads\/2021\/10\/Logo.png","contentUrl":"https:\/\/alternativesolutions-group.com\/wp-content\/uploads\/2021\/10\/Logo.png","width":1204,"height":1204,"caption":"Alternative Solutions Group"},"image":{"@id":"https:\/\/alternativesolutions-group.com\/#logo"}},{"@type":"WebSite","@id":"https:\/\/alternativesolutions-group.com\/#website","url":"https:\/\/alternativesolutions-group.com\/","name":"Alternative Solutions","description":"High expectations are the key to everything","publisher":{"@id":"https:\/\/alternativesolutions-group.com\/#organization"},"potentialAction":[{"@type":"SearchAction","target":{"@type":"EntryPoint","urlTemplate":"https:\/\/alternativesolutions-group.com\/?s={search_term_string}"},"query-input":"required name=search_term_string"}],"inLanguage":"en-US"},{"@type":"ImageObject","@id":"https:\/\/alternativesolutions-group.com\/qui-sommes-nous\/#primaryimage","inLanguage":"en-US","url":"https:\/\/alternativesolutions-group.com\/wp-content\/uploads\/2021\/01\/about.jpg","contentUrl":"https:\/\/alternativesolutions-group.com\/wp-content\/uploads\/2021\/01\/about.jpg","width":550,"height":420},{"@type":["WebPage","AboutPage"],"@id":"https:\/\/alternativesolutions-group.com\/qui-sommes-nous\/#webpage","url":"https:\/\/alternativesolutions-group.com\/qui-sommes-nous\/","name":"[:fr]Qui sommes nous[:en]The company[:] - Alternative Solutions","isPartOf":{"@id":"https:\/\/alternativesolutions-group.com\/#website"},"primaryImageOfPage":{"@id":"https:\/\/alternativesolutions-group.com\/qui-sommes-nous\/#primaryimage"},"datePublished":"2018-01-06T14:37:57+00:00","dateModified":"2021-06-29T08:44:22+00:00","description":"ALTERNATIVE SOLUTIONS est une soci\u00e9t\u00e9 qui offre des prestations dans le Nettoyage, l'assainissement , et la mise \u00e0 disposition du personnel.","breadcrumb":{"@id":"https:\/\/alternativesolutions-group.com\/qui-sommes-nous\/#breadcrumb"},"inLanguage":"en-US","potentialAction":[{"@type":"ReadAction","target":["https:\/\/alternativesolutions-group.com\/qui-sommes-nous\/"]}]},{"@type":"BreadcrumbList","@id":"https:\/\/alternativesolutions-group.com\/qui-sommes-nous\/#breadcrumb","itemListElement":[{"@type":"ListItem","position":1,"name":"Home","item":"https:\/\/alternativesolutions-group.com\/"},{"@type":"ListItem","position":2,"name":"Qui sommes nous"}]}]}},"_links":{"self":[{"href":"https:\/\/alternativesolutions-group.com\/en\/wp-json\/wp\/v2\/pages\/7"}],"collection":[{"href":"https:\/\/alternativesolutions-group.com\/en\/wp-json\/wp\/v2\/pages"}],"about":[{"href":"https:\/\/alternativesolutions-group.com\/en\/wp-json\/wp\/v2\/types\/page"}],"author":[{"embeddable":true,"href":"https:\/\/alternativesolutions-group.com\/en\/wp-json\/wp\/v2\/users\/1"}],"replies":[{"embeddable":true,"href":"https:\/\/alternativesolutions-group.com\/en\/wp-json\/wp\/v2\/comments?post=7"}],"version-history":[{"count":14,"href":"https:\/\/alternativesolutions-group.com\/en\/wp-json\/wp\/v2\/pages\/7\/revisions"}],"predecessor-version":[{"id":649,"href":"https:\/\/alternativesolutions-group.com\/en\/wp-json\/wp\/v2\/pages\/7\/revisions\/649"}],"wp:featuredmedia":[{"embeddable":true,"href":"https:\/\/alternativesolutions-group.com\/en\/wp-json\/wp\/v2\/media\/252"}],"wp:attachment":[{"href":"https:\/\/alternativesolutions-group.com\/en\/wp-json\/wp\/v2\/media?parent=7"}],"curies":[{"name":"wp","href":"https:\/\/api.w.org\/{rel}","templated":true}]}}